{"id":3,"date":"2019-10-29T13:39:55","date_gmt":"2019-10-29T13:39:55","guid":{"rendered":"http:\/\/icomms.pl\/konferencja2020\/?page_id=3"},"modified":"2026-04-16T20:54:14","modified_gmt":"2026-04-16T20:54:14","slug":"terms-of-use","status":"publish","type":"page","link":"https:\/\/icomms.pl\/konferencja\/terms-of-use\/","title":{"rendered":"Regulamin"},"content":{"rendered":"<p><strong>REGULAMIN UCZESTNICTWA W <a href=\"https:\/\/icomms.pl\/konferencja2022\/\">KONFERENCJI iComms<\/a><\/strong><\/p>\n<ol>\n<li><b> <\/b><span style=\"font-weight: 400;\">Organizatorem konferencji iComms jest Agencja Komunikacji Wewn\u0119trznej PinPoint Adriana Borucka z siedzib\u0105 przy ulicy Macewicza 9, 60-461 w Poznaniu, Polska.<\/span><\/li>\n<li><b> <\/b><span style=\"font-weight: 400;\">Zamawiaj\u0105cym jest podmiot, kt\u00f3ry dokona zg\u0142oszenia\/rejestracji przez stron\u0119 www.iComms.pl. Regulamin dotyczy uczestnik\u00f3w z Polski oraz wszystkich kraj\u00f3w regionu CEE (Central &amp; Eastern Europe).<\/span><\/li>\n<li><b> <\/b><span style=\"font-weight: 400;\">Wys\u0142anie formularza on-line ze strony internetowej www.iComms.pl oznacza zawarcie wi\u0105\u017c\u0105cej umowy z Organizatorem oraz akceptacj\u0119 postanowie\u0144 niniejszego regulaminu, a tak\u017ce przestrzeganie ustale\u0144 dokonanych pomi\u0119dzy Organizatorem a Zamawiaj\u0105cym.<\/span><\/li>\n<li><b> <\/b><span style=\"font-weight: 400;\">Organizator wy\u015ble Zamawiaj\u0105cemu drog\u0105 elektroniczn\u0105 potwierdzenie rejestracji, kt\u00f3re jest r\u00f3wnoznaczne z wpisaniem na list\u0119 uczestnik\u00f3w wydarzenia.<\/span><\/li>\n<li><b> <\/b><span style=\"font-weight: 400;\">Podstaw\u0105 p\u0142atno\u015bci za udzia\u0142 w wydarzeniu jest wystawiona przez Organizatora elektroniczna wersja faktury pro-forma wysy\u0142ana na adres mailowy Zamawiaj\u0105cego po wype\u0142nieniu formularza zg\u0142oszeniowego. W przypadku uregulowania p\u0142atno\u015bci na podstawie faktury pro-forma, faktura VAT zostanie wystawiona w ci\u0105gu 7 dni po zaksi\u0119gowaniu wp\u0142aty i wys\u0142ana drog\u0105 elektroniczn\u0105 lub pocztow\u0105. P\u0142atno\u015bci mi\u0119dzynarodowe realizowane s\u0105 przelewem bankowym w PLN lub EUR, zgodnie z kursem NBP z dnia wystawienia faktury.<\/span><\/li>\n<li>Rezygnacji z wydarzenia mo\u017cna dokona\u0107 najp\u00f3\u017aniej na 7 dni przed dat\u0105 wydarzenia, co nale\u017cy potwierdzi\u0107 w formie e-maila wys\u0142anego na adres: kontakt@icomms.pl.<\/li>\n<li>W przypadku nieodwo\u0142ania zg\u0142oszenia uczestnictwa najp\u00f3\u017aniej na 7 dni przed wydarzeniem oraz niewzi\u0119cia udzia\u0142u w wydarzeniu, zg\u0142aszaj\u0105cy zobowi\u0105zany jest do zap\u0142aty pe\u0142nych koszt\u00f3w uczestnictwa wynikaj\u0105cych z umowy.<\/li>\n<li><b> <\/b><span style=\"font-weight: 400;\">Brak wp\u0142aty za udzia\u0142 nie jest jednoznaczny z rezygnacj\u0105.<\/span><\/li>\n<li><b> <\/b><span style=\"font-weight: 400;\">W miejsce zg\u0142oszonej osoby w wydarzeniu mo\u017ce wzi\u0105\u0107 udzia\u0142 inny pracownik firmy po uprzednim poinformowaniu organizatora o zmianie, dokonanym nie p\u00f3\u017aniej ni\u017c na 1 dzie\u0144 roboczy przed wydarzeniem, za po\u015brednictwem poczty elektronicznej.<\/span><\/li>\n<li><b> <\/b><span style=\"font-weight: 400;\">Uczestnik, kt\u00f3ry dokona\u0142 rejestracji na Pakiet STANDARD lub PREMIUM i nie poinformuje Organizatora o rezygnacji z udzia\u0142u stacjonarnego najp\u00f3\u017aniej na 7 dni kalendarzowych przed dat\u0105 wydarzenia, otrzyma dost\u0119p do Pakietu ONLINE (live stream Dnia 1 oraz nagrania wszystkich prelekcji dost\u0119pne przez 12 miesi\u0119cy). Zmian\u0119 formy uczestnictwa ze stacjonarnej na online nale\u017cy zg\u0142osi\u0107 drog\u0105 mailow\u0105 na adres: kontakt@icomms.pl. Brak takiego zg\u0142oszenia w wymaganym terminie oznacza automatyczne przypisanie uczestnika do Pakietu ONLINE bez prawa do zwrotu r\u00f3\u017cnicy w cenie.<\/span><\/li>\n<li><b> <\/b><span style=\"font-weight: 400;\">Uczestnicy Pakietu ONLINE otrzymuj\u0105 dost\u0119p do live streamu oraz nagra\u0144 drog\u0105 elektroniczn\u0105 na podany przy rejestracji adres e-mail, nie p\u00f3\u017aniej ni\u017c na 24 godziny przed rozpocz\u0119ciem wydarzenia. Organizator nie ponosi odpowiedzialno\u015bci za problemy techniczne le\u017c\u0105ce po stronie uczestnika (jako\u015b\u0107 \u0142\u0105cza internetowego, konfiguracja sprz\u0119tu).<\/span><\/li>\n<li><b> <\/b><span style=\"font-weight: 400;\">Organizator zastrzega sobie prawo do wprowadzania zmian dot. programu, prelegent\u00f3w, miejsca, w kt\u00f3rym odbywa si\u0119 wydarzenie oraz do odwo\u0142ania samego wydarzenia.<\/span><\/li>\n<li><b> <\/b><span style=\"font-weight: 400;\">Organizator nie ponosi odpowiedzialno\u015bci za op\u00f3\u017anienia w realizacji, niewykonanie przez niego b\u0105d\u017a niewykorzystanie przez uczestnik\u00f3w jakiegokolwiek punktu programu wydarzenia w razie zaistnienia si\u0142y wy\u017cszej. Przez si\u0142\u0119 wy\u017csz\u0105 nale\u017cy rozumie\u0107 zdarzenia o charakterze nadzwyczajnym, niemo\u017cliwe do przewidzenia i\/lub zapobiegni\u0119cia w chwili zawarcia niniejszej Umowy. W takich przypadkach uczestnikowi nie przys\u0142uguje prawo do odszkodowania lub do zwrotu jakichkolwiek op\u0142at zwi\u0105zanych z uczestnictwem w wydarzeniu, jak i koszt\u00f3w us\u0142ug dodatkowych zleconych organizatorowi przez uczestnik\u00f3w wydarzenia.<\/span><\/li>\n<li><b> <\/b><span style=\"font-weight: 400;\">W przypadku wyczerpania miejsc lub odwo\u0142ania wydarzenia Organizator zobowi\u0105zany jest do poinformowania o tym Zamawiaj\u0105cego oraz dokonania zwrotu wp\u0142aconej kwoty z tytu\u0142u op\u0142aty za wydarzenie na wskazany przez niego numer konta bankowego.<\/span><\/li>\n<li><b> <\/b><span style=\"font-weight: 400;\">Uczestnictwo w konferencji jest r\u00f3wnoznaczne z wyra\u017ceniem zgody na korzystanie z wizerunku w celach promocyjnych.<\/span><\/li>\n<li><b> <\/b><span style=\"font-weight: 400;\">W sprawach nieuregulowanych niniejszym Regulaminem zastosowanie maj\u0105 przepisy Kodeksu cywilnego Rzeczypospolitej Polskiej.<\/span><\/li>\n<\/ol>\n","protected":false},"excerpt":{"rendered":"<p>REGULAMIN UCZESTNICTWA W KONFERENCJI iComms Organizatorem konferencji iComms jest Agencja Komunikacji Wewn\u0119trznej PinPoint Adriana Borucka z siedzib\u0105 przy ulicy Macewicza 9, 60-461 w Poznaniu, Polska. Zamawiaj\u0105cym jest podmiot, kt\u00f3ry dokona zg\u0142oszenia\/rejestracji przez stron\u0119 www.iComms.pl. Regulamin dotyczy uczestnik\u00f3w z Polski oraz wszystkich kraj\u00f3w regionu CEE (Central &amp; Eastern Europe). Wys\u0142anie formularza on-line ze strony internetowej www.iComms.pl [&hellip;]<\/p>\n","protected":false},"author":1,"featured_media":0,"parent":0,"menu_order":0,"comment_status":"closed","ping_status":"closed","template":"","meta":{"footnotes":""},"class_list":["post-3","page","type-page","status-publish","hentry"],"aioseo_notices":[],"_links":{"self":[{"href":"https:\/\/icomms.pl\/konferencja\/wp-json\/wp\/v2\/pages\/3","targetHints":{"allow":["GET"]}}],"collection":[{"href":"https:\/\/icomms.pl\/konferencja\/wp-json\/wp\/v2\/pages"}],"about":[{"href":"https:\/\/icomms.pl\/konferencja\/wp-json\/wp\/v2\/types\/page"}],"author":[{"embeddable":true,"href":"https:\/\/icomms.pl\/konferencja\/wp-json\/wp\/v2\/users\/1"}],"replies":[{"embeddable":true,"href":"https:\/\/icomms.pl\/konferencja\/wp-json\/wp\/v2\/comments?post=3"}],"version-history":[{"count":17,"href":"https:\/\/icomms.pl\/konferencja\/wp-json\/wp\/v2\/pages\/3\/revisions"}],"predecessor-version":[{"id":1414,"href":"https:\/\/icomms.pl\/konferencja\/wp-json\/wp\/v2\/pages\/3\/revisions\/1414"}],"wp:attachment":[{"href":"https:\/\/icomms.pl\/konferencja\/wp-json\/wp\/v2\/media?parent=3"}],"curies":[{"name":"wp","href":"https:\/\/api.w.org\/{rel}","templated":true}]}}